{"id":1229,"date":"2010-12-20T18:57:18","date_gmt":"2010-12-20T18:57:18","guid":{"rendered":"https:\/\/arxiu.laciutatinvisible.coop\/?page_id=1229"},"modified":"2012-03-20T15:20:12","modified_gmt":"2012-03-20T15:20:12","slug":"llibres","status":"publish","type":"page","link":"https:\/\/arxiu.laciutatinvisible.coop\/?page_id=1229","title":{"rendered":"Llibres i dossiers"},"content":{"rendered":"<p>l Centre de Documentaci\u00f3 disposa d\u2019una petita biblioteca especialitzada en temes socials o urbans, formada per uns 700 volums, procedents de donacions particulars o adquirits pel mateix Centre de Documentaci\u00f3, i que s\u00f3n un bon complement de totes les mat\u00e8ries que es tracten.<\/p>\n<p>En aquest moment, acabem d&#8217;incorporar-nos al <a href=\"http:\/\/cataleg.xarxabibliosocials.org\/\" target=\"_blank\">cat\u00e0leg<\/a> col\u00b7lectiu de la Xarxa de Biblioteques Socials. Esperem comen\u00e7ar molt properament a introduir els nostres llibres per a la vostre consulta online. Cal destacar que al barri de Sants tamb\u00e9 hi podeu trobar la biblioteca de Can Batll\u00f3, la biblioteca Social Mateo Morral (Ateneu llibertari de Sants) <strong><\/strong>i l&#8217;Ateneu de Poble Sec (Espai obert), tots ells integrats al XBS. \u00c9s per aix\u00f2 que ara, m\u00e9s que mai, \u00e9s un moment immillorable per a l&#8217;estudi de qualsevol tem\u00e0tica relacionada amb els moviments socials i per a la participaci\u00f3 en alg\u00fan dels projectes.<\/p>\n<p>Tamb\u00e9 disposem de treballs d&#8217;investigaci\u00f3 i reculls de premsa en format dossier sobre diferents q\u00fcestions, en especial sobre presons i okupaci\u00f3.<\/p>\n<p>&nbsp;<\/p>\n<p><em><strong><span style=\"text-decoration: underline;\"><a href=\"https:\/\/docs.google.com\/spreadsheet\/ccc?key=0AmEKqopMhgqydHp3V05TMkRScnBlOTl4SGVuSVdDY2c#gid=0\" target=\"_blank\">Inventari dossiers<\/a><\/span><\/strong><\/em><\/p>\n<p>&nbsp;<\/p>\n<p>&nbsp;<\/p>\n<p>&nbsp;<\/p>\n","protected":false},"excerpt":{"rendered":"<p>l Centre de Documentaci\u00f3 disposa d\u2019una petita biblioteca especialitzada en temes socials o urbans, formada per uns 700 volums, procedents de donacions particulars o adquirits pel mateix Centre de Documentaci\u00f3, i que s\u00f3n un bon complement de totes les mat\u00e8ries que es tracten. En aquest moment, acabem d&#8217;incorporar-nos al cat\u00e0leg col\u00b7lectiu de la Xarxa de &hellip; <a href=\"https:\/\/arxiu.laciutatinvisible.coop\/?page_id=1229\" class=\"more-link\">Continua la lectura de <span class=\"screen-reader-text\">Llibres i dossiers<\/span> <span class=\"meta-nav\">&rarr;<\/span><\/a><\/p>\n","protected":false},"author":1,"featured_media":0,"parent":0,"menu_order":8,"comment_status":"open","ping_status":"closed","template":"","meta":{"footnotes":""},"_links":{"self":[{"href":"https:\/\/arxiu.laciutatinvisible.coop\/index.php?rest_route=\/wp\/v2\/pages\/1229"}],"collection":[{"href":"https:\/\/arxiu.laciutatinvisible.coop\/index.php?rest_route=\/wp\/v2\/pages"}],"about":[{"href":"https:\/\/arxiu.laciutatinvisible.coop\/index.php?rest_route=\/wp\/v2\/types\/page"}],"author":[{"embeddable":true,"href":"https:\/\/arxiu.laciutatinvisible.coop\/index.php?rest_route=\/wp\/v2\/users\/1"}],"replies":[{"embeddable":true,"href":"https:\/\/arxiu.laciutatinvisible.coop\/index.php?rest_route=%2Fwp%2Fv2%2Fcomments&post=1229"}],"version-history":[{"count":14,"href":"https:\/\/arxiu.laciutatinvisible.coop\/index.php?rest_route=\/wp\/v2\/pages\/1229\/revisions"}],"predecessor-version":[{"id":1296,"href":"https:\/\/arxiu.laciutatinvisible.coop\/index.php?rest_route=\/wp\/v2\/pages\/1229\/revisions\/1296"}],"wp:attachment":[{"href":"https:\/\/arxiu.laciutatinvisible.coop\/index.php?rest_route=%2Fwp%2Fv2%2Fmedia&parent=1229"}],"curies":[{"name":"wp","href":"https:\/\/api.w.org\/{rel}","templated":true}]}}