{"id":3265,"date":"2014-05-20T16:01:25","date_gmt":"2014-05-20T16:01:25","guid":{"rendered":"https:\/\/arxiu.laciutatinvisible.coop\/?page_id=3265"},"modified":"2014-05-20T16:01:25","modified_gmt":"2014-05-20T16:01:25","slug":"arxiu-tematic-2","status":"publish","type":"page","link":"https:\/\/arxiu.laciutatinvisible.coop\/?page_id=3265","title":{"rendered":"Arxiu Tem\u00e0tic"},"content":{"rendered":"<p>L\u2019arxiu tem\u00e0tic, actualment en proc\u00e9s de renovaci\u00f3 i classificaci\u00f3, recull una gran quantitat de documentaci\u00f3 i materials de difusi\u00f3, procedent d\u2019arxius particulars o de col\u00b7lectius (en actiu o ja desapareguts), o b\u00e9 de la tasca de buidatge i recollida de material que es fa des del mateix Centre de Documentaci\u00f3. Hi ha tota mena de documents produ\u00efts pels moviments socials i en diferents formats: octavetes, tr\u00edptics, dossiers tem\u00e0tics, publicacions diverses, revistes, cartells, pegatines, audiovisuals&#8230;<\/p>\n","protected":false},"excerpt":{"rendered":"<p>L\u2019arxiu tem\u00e0tic, actualment en proc\u00e9s de renovaci\u00f3 i classificaci\u00f3, recull una gran quantitat de documentaci\u00f3 i materials de difusi\u00f3, procedent d\u2019arxius particulars o de col\u00b7lectius (en actiu o ja desapareguts), o b\u00e9 de la tasca de buidatge i recollida de material que es fa des del mateix Centre de Documentaci\u00f3. Hi ha tota mena de &hellip; <a href=\"https:\/\/arxiu.laciutatinvisible.coop\/?page_id=3265\" class=\"more-link\">Continua la lectura de <span class=\"screen-reader-text\">Arxiu Tem\u00e0tic<\/span> <span class=\"meta-nav\">&rarr;<\/span><\/a><\/p>\n","protected":false},"author":1,"featured_media":0,"parent":0,"menu_order":0,"comment_status":"open","ping_status":"open","template":"","meta":{"footnotes":""},"_links":{"self":[{"href":"https:\/\/arxiu.laciutatinvisible.coop\/index.php?rest_route=\/wp\/v2\/pages\/3265"}],"collection":[{"href":"https:\/\/arxiu.laciutatinvisible.coop\/index.php?rest_route=\/wp\/v2\/pages"}],"about":[{"href":"https:\/\/arxiu.laciutatinvisible.coop\/index.php?rest_route=\/wp\/v2\/types\/page"}],"author":[{"embeddable":true,"href":"https:\/\/arxiu.laciutatinvisible.coop\/index.php?rest_route=\/wp\/v2\/users\/1"}],"replies":[{"embeddable":true,"href":"https:\/\/arxiu.laciutatinvisible.coop\/index.php?rest_route=%2Fwp%2Fv2%2Fcomments&post=3265"}],"version-history":[{"count":1,"href":"https:\/\/arxiu.laciutatinvisible.coop\/index.php?rest_route=\/wp\/v2\/pages\/3265\/revisions"}],"predecessor-version":[{"id":3268,"href":"https:\/\/arxiu.laciutatinvisible.coop\/index.php?rest_route=\/wp\/v2\/pages\/3265\/revisions\/3268"}],"wp:attachment":[{"href":"https:\/\/arxiu.laciutatinvisible.coop\/index.php?rest_route=%2Fwp%2Fv2%2Fmedia&parent=3265"}],"curies":[{"name":"wp","href":"https:\/\/api.w.org\/{rel}","templated":true}]}}