{"id":3274,"date":"2014-06-05T13:46:10","date_gmt":"2014-06-05T13:46:10","guid":{"rendered":"https:\/\/arxiu.laciutatinvisible.coop\/?page_id=3274"},"modified":"2016-11-01T14:53:26","modified_gmt":"2016-11-01T14:53:26","slug":"projecte-can-batllo","status":"publish","type":"page","link":"https:\/\/arxiu.laciutatinvisible.coop\/?page_id=3274","title":{"rendered":"Projecte Can Batll\u00f3"},"content":{"rendered":"<p style=\"text-align: justify;\">El centre de documentaci\u00f3 dels moviments socials La Ciutat invisible participa del projecte Can Batll\u00f3, reivindicaci\u00f3 ve\u00efnal des de fa m\u00e9s de 35 anys que a dia d&#8217;avui \u00e9s gestionat per la <a title=\"Plataforma Can Batll\u00f3\" href=\"http:\/\/canbatllo.wordpress.com\/plataforma\/http:\/\/\" target=\"_blank\"><strong><span style=\"color: #ff0000;\">Plataforma Can Batll\u00f3 \u00e9s pel barri<\/span>, <\/strong><\/a>exemple d&#8217;autogesti\u00f3 i aprenentatge col\u00b7lectiu.<\/p>\n<p style=\"text-align: justify;\"><a href=\"http:\/\/canbatllo.wordpress.com\/\" target=\"_blank\"><span style=\"color: #ff0000;\">Can Batll\u00f3<\/span><\/a> \u00e9s un antic recinte fabril de manufactura industrial t\u00e8xtil constru\u00eft a finals del segle XIX a la barriada de La Bordeta de la Vila de Sants. Formava junt amb l\u2019Espanya Industrial i el Vapor Vell el cor industrial del sud de Barcelona, i va arribar a acollir fins a 5.000 treballadores arran dispossar la familia Batll\u00f3 de la seva pr\u00f2pia plataforma log\u00edtica al costat: l\u2019estaci\u00f3 de ferrocarril de la Mag\u00f2ria (1912). La superf\u00edcie amurallada de Can Batll\u00f3 es comparable avui amb el Camp Nou o l\u2019Hospital de Sant Pau.<\/p>\n<p style=\"text-align: justify;\">A partir de la d\u00e8cada de 1940 arran la posguerra algunes de les seves naus es van llogar a menestrals i petites corporacions, tot i que es va buidar d\u2019activitat progresivament. El 1976 el Pla General Metropolit\u00e0 va definir el recinte com a zona d\u2019equipaments, habitatges socials i espai verd. 37 anys despr\u00e9s, inclosos els del gran boom immobibliari\u00a0 2000-2008, la transformaci\u00f3 del recinte no s\u2019ha dut a terme ni per part de la immobiliaria Gaudir (hereva dels Batll\u00f3 i de Mu\u00f1oz i Ramonet), ni per les institucions governamentals gestionades per partits pol\u00edtics.<\/p>\n<p style=\"text-align: justify;\">Les ve\u00efnes i ve\u00efns agrupats en la <span style=\"color: #ff0000;\"><a title=\"Plataforma Can Batll\u00f3\" href=\"http:\/\/canbatllo.wordpress.com\/plataforma\/http:\/\/\" target=\"_blank\"><span style=\"color: #ff0000;\"><strong>Plataforma Can Batll\u00f3 \u00e9s pel barri<\/strong><\/span><\/a><\/span> lluitem amb persever\u00e0ncia reivindicativa i acci\u00f3 sobre el terreny per a que la transformaci\u00f3 de Can Batll\u00f3 sigui una realitat. A mitjans del 2009, una vegada l\u2019esclat de la bombolla immobibli\u00e0ria, i prou cansats de veure com s\u2019incomplia sistem\u00e0ticament el calendari institucional pactat, v\u00e0rem anunciar a l\u2019Ajuntament de Barcelona que si al juny de 2011 les obres de transformaci\u00f3 del recinte encara no havien comen\u00e7at, els ve\u00efns i ve\u00efnes del barri entrar\u00edem dins Can Batll\u00f3 per comen\u00e7ar a construir nosaltres mateixes els equipaments que tant necessiten la ciutadania de totes les generacions. El dia <span style=\"color: #ff0000;\"><strong><a href=\"http:\/\/canbatllo.wordpress.com\/recull-tres-dies\/\" target=\"_blank\"><span style=\"color: #ff0000;\">11 de juny de 2011<\/span><\/a><\/strong><\/span>, gr\u00e0cies a la mobilitzaci\u00f3 social, v\u00e0rem entrar a Can Batll\u00f3 i v\u00e0rem aconseguir la cessi\u00f3 per temps perpetu d\u2019una nau: el <span style=\"color: #ff0000;\"><strong><a title=\"BLOC\u00a0ONZE\" href=\"http:\/\/canbatllo.wordpress.com\/bloc-onze\/\" target=\"_blank\"><span style=\"color: #ff0000;\">Bloc Onze<\/span><\/a><\/strong><\/span>, que des d\u2019aquell dia funciona cada dia amb l\u2019esfor\u00e7 voluntari de ve\u00efns i ve\u00efnes organitzats assamble\u00e0riament, i que ja alberga, entre altres serveis, la <a href=\"http:\/\/canbatllo.wordpress.com\/biblioteca-josep-pons\/\" target=\"_blank\"><strong><span style=\"color: #ff0000;\">Biblioteca Popular Josep Pons<\/span>,<\/strong><\/a> <span style=\"color: #ff0000;\">la <a title=\"Fons Documental Feminista \/ LGBTI \/ Queer la Fondona\" href=\"http:\/\/lafondona.wordpress.com\/\" target=\"_blank\"><span style=\"color: #ff0000;\">fondona<\/span><\/a><\/span>, un polivalent <span style=\"color: #ff0000;\"><a title=\"Espai de Trobada\" href=\"http:\/\/canbatllo.wordpress.com\/espai-trobada\/\" target=\"_blank\"><span style=\"color: #ff0000;\">Espai de Trobada<\/span><\/a><\/span>, un Auditori, i a la planta primera, tallers d\u2019arts pl\u00e0stiques, esc\u00e8niques i audiovisuals, i un altre gran espai polivalent.<\/p>\n","protected":false},"excerpt":{"rendered":"<p>El centre de documentaci\u00f3 dels moviments socials La Ciutat invisible participa del projecte Can Batll\u00f3, reivindicaci\u00f3 ve\u00efnal des de fa m\u00e9s de 35 anys que a dia d&#8217;avui \u00e9s gestionat per la Plataforma Can Batll\u00f3 \u00e9s pel barri, exemple d&#8217;autogesti\u00f3 i aprenentatge col\u00b7lectiu. Can Batll\u00f3 \u00e9s un antic recinte fabril de manufactura industrial t\u00e8xtil constru\u00eft &hellip; <a href=\"https:\/\/arxiu.laciutatinvisible.coop\/?page_id=3274\" class=\"more-link\">Continua la lectura de <span class=\"screen-reader-text\">Projecte Can Batll\u00f3<\/span> <span class=\"meta-nav\">&rarr;<\/span><\/a><\/p>\n","protected":false},"author":1,"featured_media":3280,"parent":0,"menu_order":0,"comment_status":"open","ping_status":"closed","template":"page-templates\/full-width.php","meta":{"footnotes":""},"_links":{"self":[{"href":"https:\/\/arxiu.laciutatinvisible.coop\/index.php?rest_route=\/wp\/v2\/pages\/3274"}],"collection":[{"href":"https:\/\/arxiu.laciutatinvisible.coop\/index.php?rest_route=\/wp\/v2\/pages"}],"about":[{"href":"https:\/\/arxiu.laciutatinvisible.coop\/index.php?rest_route=\/wp\/v2\/types\/page"}],"author":[{"embeddable":true,"href":"https:\/\/arxiu.laciutatinvisible.coop\/index.php?rest_route=\/wp\/v2\/users\/1"}],"replies":[{"embeddable":true,"href":"https:\/\/arxiu.laciutatinvisible.coop\/index.php?rest_route=%2Fwp%2Fv2%2Fcomments&post=3274"}],"version-history":[{"count":6,"href":"https:\/\/arxiu.laciutatinvisible.coop\/index.php?rest_route=\/wp\/v2\/pages\/3274\/revisions"}],"predecessor-version":[{"id":3371,"href":"https:\/\/arxiu.laciutatinvisible.coop\/index.php?rest_route=\/wp\/v2\/pages\/3274\/revisions\/3371"}],"wp:featuredmedia":[{"embeddable":true,"href":"https:\/\/arxiu.laciutatinvisible.coop\/index.php?rest_route=\/wp\/v2\/media\/3280"}],"wp:attachment":[{"href":"https:\/\/arxiu.laciutatinvisible.coop\/index.php?rest_route=%2Fwp%2Fv2%2Fmedia&parent=3274"}],"curies":[{"name":"wp","href":"https:\/\/api.w.org\/{rel}","templated":true}]}}