{"id":3359,"date":"2016-11-01T13:14:37","date_gmt":"2016-11-01T13:14:37","guid":{"rendered":"https:\/\/arxiu.laciutatinvisible.coop\/?page_id=3359"},"modified":"2016-11-01T15:20:10","modified_gmt":"2016-11-01T15:20:10","slug":"on-ens-trobem","status":"publish","type":"page","link":"https:\/\/arxiu.laciutatinvisible.coop\/?page_id=3359","title":{"rendered":"On ens trobem"},"content":{"rendered":"<h3>On som?<\/h3>\n<p>El Centre de Documentaci\u00f3 est\u00e0 situat al recinte <a title=\"Can Batll\u00f3\" href=\"http:\/\/canbatllo.wordpress.com\/\" target=\"_blank\">Can Batll\u00f3<\/a>, al costat de la carretera de la bordeta, i conviu amb molts altres projectes que ja estan en un funcionament o en fase d&#8217;embrionament.<\/p>\n<p>El Centre el trobar\u00e0s obert en els seg\u00fcents horaris:<\/p>\n<ul id=\"internal-source-marker_0.4554142499620447\">\n<li>Dimarts: 17 a 20H<\/li>\n<\/ul>\n<ul>\n<li>Dijous: 17 a 20H<\/li>\n<\/ul>\n<p>Tamb\u00e9 ens pots contactar per via 2.0<\/p>\n<p style=\"text-align: left;\"><a href=\"arxiudelaciutat@gmail.com\">arxiudelaciutat@gmail.com<\/a><\/p>\n<p style=\"text-align: left;\"><a href=\"https:\/\/twitter.com\/arxiumovsocials\">@ArxiuMovSocials<\/a><\/p>\n<p style=\"text-align: left;\"><a href=\"https:\/\/www.facebook.com\/centre.movimentssocials\/?ref=aymt_homepage_panel\">https:\/\/www.facebook.com\/centre.movimentssocials\/?ref=aymt_homepage_panel<\/a><\/p>\n<p style=\"text-align: center;\"><strong>Metro:<\/strong><\/p>\n<p style=\"text-align: center;\">Pla\u00e7a de Sants (L1-L5)<\/p>\n<p><iframe loading=\"lazy\" style=\"border: 0;\" src=\"https:\/\/www.google.com\/maps\/embed?pb=!1m18!1m12!1m3!1d2117.233294069019!2d2.135560508740305!3d41.36930385405963!2m3!1f0!2f0!3f0!3m2!1i1024!2i768!4f13.1!3m3!1m2!1s0x12a4989afa6b65f5%3A0x12e090b105eeb74c!2sCan+Batll%C3%B3!5e0!3m2!1ses!2ses!4v1478005706793\" width=\"600\" height=\"450\" frameborder=\"0\" allowfullscreen=\"allowfullscreen\"><\/iframe><\/p>\n<p style=\"text-align: center;\"><strong>Ferrocarrils catalans:<\/strong><\/p>\n<p style=\"text-align: center;\">La Campana<\/p>\n<p style=\"text-align: center;\">\n","protected":false},"excerpt":{"rendered":"<p>On som? El Centre de Documentaci\u00f3 est\u00e0 situat al recinte Can Batll\u00f3, al costat de la carretera de la bordeta, i conviu amb molts altres projectes que ja estan en un funcionament o en fase d&#8217;embrionament. El Centre el trobar\u00e0s obert en els seg\u00fcents horaris: Dimarts: 17 a 20H Dijous: 17 a 20H Tamb\u00e9 ens &hellip; <a href=\"https:\/\/arxiu.laciutatinvisible.coop\/?page_id=3359\" class=\"more-link\">Continua la lectura de <span class=\"screen-reader-text\">On ens trobem<\/span> <span class=\"meta-nav\">&rarr;<\/span><\/a><\/p>\n","protected":false},"author":1,"featured_media":0,"parent":44,"menu_order":0,"comment_status":"closed","ping_status":"closed","template":"page-templates\/full-width.php","meta":{"footnotes":""},"_links":{"self":[{"href":"https:\/\/arxiu.laciutatinvisible.coop\/index.php?rest_route=\/wp\/v2\/pages\/3359"}],"collection":[{"href":"https:\/\/arxiu.laciutatinvisible.coop\/index.php?rest_route=\/wp\/v2\/pages"}],"about":[{"href":"https:\/\/arxiu.laciutatinvisible.coop\/index.php?rest_route=\/wp\/v2\/types\/page"}],"author":[{"embeddable":true,"href":"https:\/\/arxiu.laciutatinvisible.coop\/index.php?rest_route=\/wp\/v2\/users\/1"}],"replies":[{"embeddable":true,"href":"https:\/\/arxiu.laciutatinvisible.coop\/index.php?rest_route=%2Fwp%2Fv2%2Fcomments&post=3359"}],"version-history":[{"count":4,"href":"https:\/\/arxiu.laciutatinvisible.coop\/index.php?rest_route=\/wp\/v2\/pages\/3359\/revisions"}],"predecessor-version":[{"id":3367,"href":"https:\/\/arxiu.laciutatinvisible.coop\/index.php?rest_route=\/wp\/v2\/pages\/3359\/revisions\/3367"}],"up":[{"embeddable":true,"href":"https:\/\/arxiu.laciutatinvisible.coop\/index.php?rest_route=\/wp\/v2\/pages\/44"}],"wp:attachment":[{"href":"https:\/\/arxiu.laciutatinvisible.coop\/index.php?rest_route=%2Fwp%2Fv2%2Fmedia&parent=3359"}],"curies":[{"name":"wp","href":"https:\/\/api.w.org\/{rel}","templated":true}]}}