{"id":3379,"date":"2016-11-01T13:57:13","date_gmt":"2016-11-01T13:57:13","guid":{"rendered":"https:\/\/arxiu.laciutatinvisible.coop\/?page_id=3379"},"modified":"2016-11-01T14:01:11","modified_gmt":"2016-11-01T14:01:11","slug":"formats-documentals","status":"publish","type":"page","link":"https:\/\/arxiu.laciutatinvisible.coop\/?page_id=3379","title":{"rendered":"Formats documentals"},"content":{"rendered":"<p style=\"text-align: left;\">El fons documental actual del Centre de Documentaci\u00f3 consta de material de diversos formats<span style=\"color: #ff0000;\">:<\/span><\/p>\n<p><span style=\"color: #ff0000;\"><span style=\"color: #993300;\">\u2022 Audiovisual<br \/>\n\u2022 Banderoles<br \/>\n\u2022 <a title=\"Cartells\" href=\"https:\/\/arxiu.laciutatinvisible.coop\/?page_id=4\">Cartells<\/a><br \/>\n\u2022 <a title=\"Revistes i fanzines\" href=\"https:\/\/arxiu.laciutatinvisible.coop\/?page_id=164\">Fanzines<\/a><br \/>\n\u2022 <a title=\"Llibres i dossiers\" href=\"https:\/\/arxiu.laciutatinvisible.coop\/?page_id=1229\">Llibres<\/a><\/span><a title=\"Llibres i dossiers\" href=\"https:\/\/arxiu.laciutatinvisible.coop\/?page_id=1229\"> i dossiers<br \/>\n<\/a><span style=\"color: #993300;\">\u2022 Octavetes<\/span><br \/>\n<span style=\"color: #993300;\">\u2022 Publicacions peri\u00f2diques<br \/>\n\u2022 <a title=\"Revistes i fanzines\" href=\"https:\/\/arxiu.laciutatinvisible.coop\/?page_id=164\">Revistes<br \/>\n<\/a>\u2022 <a title=\"Revistes i fanzines\" href=\"https:\/\/arxiu.laciutatinvisible.coop\/?page_id=164\">Xapes<\/a><\/span><\/span><\/p>\n<p>&nbsp;<\/p>\n<p style=\"text-align: justify;\"><span style=\"color: #ff0000;\"><span style=\"color: #993300;\"><span style=\"color: #000000;\">Tamb\u00e9 disposem d&#8217;altres materials encara en per\u00edode de tractament, com poden ser els dossiers, tesis doctorals, buidats de premsa i una gran diversitat de material \u00e0udiovisual. <\/span><\/span><\/span><\/p>\n","protected":false},"excerpt":{"rendered":"<p>El fons documental actual del Centre de Documentaci\u00f3 consta de material de diversos formats: \u2022 Audiovisual \u2022 Banderoles \u2022 Cartells \u2022 Fanzines \u2022 Llibres i dossiers \u2022 Octavetes \u2022 Publicacions peri\u00f2diques \u2022 Revistes \u2022 Xapes &nbsp; Tamb\u00e9 disposem d&#8217;altres materials encara en per\u00edode de tractament, com poden ser els dossiers, tesis doctorals, buidats de premsa &hellip; <a href=\"https:\/\/arxiu.laciutatinvisible.coop\/?page_id=3379\" class=\"more-link\">Continua la lectura de <span class=\"screen-reader-text\">Formats documentals<\/span> <span class=\"meta-nav\">&rarr;<\/span><\/a><\/p>\n","protected":false},"author":1,"featured_media":0,"parent":0,"menu_order":0,"comment_status":"closed","ping_status":"closed","template":"","meta":{"footnotes":""},"_links":{"self":[{"href":"https:\/\/arxiu.laciutatinvisible.coop\/index.php?rest_route=\/wp\/v2\/pages\/3379"}],"collection":[{"href":"https:\/\/arxiu.laciutatinvisible.coop\/index.php?rest_route=\/wp\/v2\/pages"}],"about":[{"href":"https:\/\/arxiu.laciutatinvisible.coop\/index.php?rest_route=\/wp\/v2\/types\/page"}],"author":[{"embeddable":true,"href":"https:\/\/arxiu.laciutatinvisible.coop\/index.php?rest_route=\/wp\/v2\/users\/1"}],"replies":[{"embeddable":true,"href":"https:\/\/arxiu.laciutatinvisible.coop\/index.php?rest_route=%2Fwp%2Fv2%2Fcomments&post=3379"}],"version-history":[{"count":3,"href":"https:\/\/arxiu.laciutatinvisible.coop\/index.php?rest_route=\/wp\/v2\/pages\/3379\/revisions"}],"predecessor-version":[{"id":3390,"href":"https:\/\/arxiu.laciutatinvisible.coop\/index.php?rest_route=\/wp\/v2\/pages\/3379\/revisions\/3390"}],"wp:attachment":[{"href":"https:\/\/arxiu.laciutatinvisible.coop\/index.php?rest_route=%2Fwp%2Fv2%2Fmedia&parent=3379"}],"curies":[{"name":"wp","href":"https:\/\/api.w.org\/{rel}","templated":true}]}}