{"id":4,"date":"2010-06-28T18:31:15","date_gmt":"2010-06-28T18:31:15","guid":{"rendered":"http:\/\/arxiudelaciutat.wordpress.com\/"},"modified":"2011-01-10T19:30:45","modified_gmt":"2011-01-10T19:30:45","slug":"cartells","status":"publish","type":"page","link":"https:\/\/arxiu.laciutatinvisible.coop\/?page_id=4","title":{"rendered":"Cartells"},"content":{"rendered":"<p>S\u2019ha dut a terme un projecte molt ambici\u00f3s de recerca, digitalitzaci\u00f3 i catalogaci\u00f3 de cartells que en un moment o altre han estat presents als carrers dels nostres pobles, barris i ciutats amb reivindicacions, den\u00fancies o crides a la mobilitzaci\u00f3 o a la festa.<\/p>\n<p>Comptem amb m\u00e9s de 2.200 cartells, indexats tem\u00e0ticament. La majoria estan en el suport original en paper, tret dels que han estat cedits per altres arxius, i a m\u00e9s estan digitalitzats fotogr\u00e0ficament en format .pdf i .jpeg. El .jpeg \u00e9s el format m\u00e9s divulgatiu i el .pdf seria el m\u00e9s adequat per a l\u2019edici\u00f3 i la reproducci\u00f3.<\/p>\n","protected":false},"excerpt":{"rendered":"<p>S\u2019ha dut a terme un projecte molt ambici\u00f3s de recerca, digitalitzaci\u00f3 i catalogaci\u00f3 de cartells que en un moment o altre han estat presents als carrers dels nostres pobles, barris i ciutats amb reivindicacions, den\u00fancies o crides a la mobilitzaci\u00f3 o a la festa. Comptem amb m\u00e9s de 2.200 cartells, indexats tem\u00e0ticament. La majoria estan &hellip; <a href=\"https:\/\/arxiu.laciutatinvisible.coop\/?page_id=4\" class=\"more-link\">Continua la lectura de <span class=\"screen-reader-text\">Cartells<\/span> <span class=\"meta-nav\">&rarr;<\/span><\/a><\/p>\n","protected":false},"author":2,"featured_media":0,"parent":0,"menu_order":3,"comment_status":"open","ping_status":"open","template":"","meta":{"footnotes":""},"_links":{"self":[{"href":"https:\/\/arxiu.laciutatinvisible.coop\/index.php?rest_route=\/wp\/v2\/pages\/4"}],"collection":[{"href":"https:\/\/arxiu.laciutatinvisible.coop\/index.php?rest_route=\/wp\/v2\/pages"}],"about":[{"href":"https:\/\/arxiu.laciutatinvisible.coop\/index.php?rest_route=\/wp\/v2\/types\/page"}],"author":[{"embeddable":true,"href":"https:\/\/arxiu.laciutatinvisible.coop\/index.php?rest_route=\/wp\/v2\/users\/2"}],"replies":[{"embeddable":true,"href":"https:\/\/arxiu.laciutatinvisible.coop\/index.php?rest_route=%2Fwp%2Fv2%2Fcomments&post=4"}],"version-history":[{"count":2,"href":"https:\/\/arxiu.laciutatinvisible.coop\/index.php?rest_route=\/wp\/v2\/pages\/4\/revisions"}],"predecessor-version":[{"id":1251,"href":"https:\/\/arxiu.laciutatinvisible.coop\/index.php?rest_route=\/wp\/v2\/pages\/4\/revisions\/1251"}],"wp:attachment":[{"href":"https:\/\/arxiu.laciutatinvisible.coop\/index.php?rest_route=%2Fwp%2Fv2%2Fmedia&parent=4"}],"curies":[{"name":"wp","href":"https:\/\/api.w.org\/{rel}","templated":true}]}}