{"id":8,"date":"2010-06-28T18:36:53","date_gmt":"2010-06-28T18:36:53","guid":{"rendered":"http:\/\/arxiudelaciutat.wordpress.com\/"},"modified":"2010-12-20T18:54:35","modified_gmt":"2010-12-20T18:54:35","slug":"enganxines","status":"publish","type":"page","link":"https:\/\/arxiu.laciutatinvisible.coop\/?page_id=8","title":{"rendered":"Enganxines"},"content":{"rendered":"<p>S\u2019ha digitalitzat i classificat unes 2.500 enganxines de molt diverses tem\u00e0tiques i proced\u00e8ncies, que estan indexades tem\u00e0ticament. Es conserven totes en el suport original en paper i, a m\u00e9s, en format .tiff i .jpeg.<\/p>\n","protected":false},"excerpt":{"rendered":"<p>S\u2019ha digitalitzat i classificat unes 2.500 enganxines de molt diverses tem\u00e0tiques i proced\u00e8ncies, que estan indexades tem\u00e0ticament. Es conserven totes en el suport original en paper i, a m\u00e9s, en format .tiff i .jpeg.<\/p>\n","protected":false},"author":2,"featured_media":0,"parent":0,"menu_order":4,"comment_status":"open","ping_status":"open","template":"","meta":{"footnotes":""},"_links":{"self":[{"href":"https:\/\/arxiu.laciutatinvisible.coop\/index.php?rest_route=\/wp\/v2\/pages\/8"}],"collection":[{"href":"https:\/\/arxiu.laciutatinvisible.coop\/index.php?rest_route=\/wp\/v2\/pages"}],"about":[{"href":"https:\/\/arxiu.laciutatinvisible.coop\/index.php?rest_route=\/wp\/v2\/types\/page"}],"author":[{"embeddable":true,"href":"https:\/\/arxiu.laciutatinvisible.coop\/index.php?rest_route=\/wp\/v2\/users\/2"}],"replies":[{"embeddable":true,"href":"https:\/\/arxiu.laciutatinvisible.coop\/index.php?rest_route=%2Fwp%2Fv2%2Fcomments&post=8"}],"version-history":[{"count":1,"href":"https:\/\/arxiu.laciutatinvisible.coop\/index.php?rest_route=\/wp\/v2\/pages\/8\/revisions"}],"predecessor-version":[{"id":1226,"href":"https:\/\/arxiu.laciutatinvisible.coop\/index.php?rest_route=\/wp\/v2\/pages\/8\/revisions\/1226"}],"wp:attachment":[{"href":"https:\/\/arxiu.laciutatinvisible.coop\/index.php?rest_route=%2Fwp%2Fv2%2Fmedia&parent=8"}],"curies":[{"name":"wp","href":"https:\/\/api.w.org\/{rel}","templated":true}]}}